{"id":13,"date":"2013-10-19T20:15:45","date_gmt":"2013-10-19T20:15:45","guid":{"rendered":"http:\/\/www.diasol.org\/prod\/?page_id=13"},"modified":"2023-12-05T18:55:45","modified_gmt":"2023-12-05T18:55:45","slug":"organisme-2","status":"publish","type":"page","link":"https:\/\/www.diasol.org\/prod\/organisme-2\/","title":{"rendered":"ORGANISME"},"content":{"rendered":"\n<div class=\"wp-block-media-text alignfull is-stacked-on-mobile is-vertically-aligned-center\"><figure class=\"wp-block-media-text__media\"><img decoding=\"async\" loading=\"lazy\" width=\"660\" height=\"579\" src=\"https:\/\/www.diasol.org\/prod\/wp-content\/uploads\/2013\/10\/Identite009.jpg\" alt=\"\" class=\"wp-image-309 size-full\"\/><\/figure><div class=\"wp-block-media-text__content\">\n<p><strong>Diasol<\/strong> est un organisme culturel \u00e0 but non lucratif fond\u00e9 en 2002 par <a href=\"https:\/\/patmiki.ca\">Patrick Dionne et Miki Gingras<\/a>. Il poss\u00e8de \u00e9galement la vocation d\u2019organisme de charit\u00e9.<\/p>\n\n\n\n<p>Diasol s\u2019est donn\u00e9 comme mandat d\u2019assurer le d\u00e9veloppement et la diffusion de projets de cr\u00e9ation favorisant l\u2019engagement de l\u2019artiste envers la soci\u00e9t\u00e9.<\/p>\n<\/div><\/div>\n\n\n\n<div style=\"height:18px\" aria-hidden=\"true\" class=\"wp-block-spacer\"><\/div>\n\n\n\n<h2>Notre mission<\/h2>\n\n\n\n<ul>\n<li>Utiliser des arts comme un moyen d\u2019intervention aupr\u00e8s des personnes marginalis\u00e9es;<\/li>\n\n\n\n<li>Assurer la diffusion et le d\u00e9veloppement de projets d\u2019envergure sociale et culturelle.<\/li>\n<\/ul>\n\n\n\n<div style=\"height:18px\" aria-hidden=\"true\" class=\"wp-block-spacer\"><\/div>\n\n\n\n<div class=\"wp-block-media-text alignfull has-media-on-the-right is-stacked-on-mobile is-vertically-aligned-center\"><div class=\"wp-block-media-text__content\">\n<h2>Membres fondateurs<\/h2>\n\n\n\n<p><a href=\"https:\/\/patmiki.ca\">Patrick Dionne et Miki Gingras<\/a> sont des artistes en arts visuels qui utilisent la photographie comme moyen d\u2019expression. Depuis 1999, ils r\u00e9alisent des oeuvres qui int\u00e8grent les gens dans le processus de cr\u00e9ation. En 2002, ils ont fond\u00e9 l\u2019organisme culturel Diasol afin de promouvoir les valeurs d\u2019\u00e9change et de collaboration entre artistes et communaut\u00e9s.<\/p>\n<\/div><figure class=\"wp-block-media-text__media\"><img decoding=\"async\" loading=\"lazy\" width=\"900\" height=\"900\" src=\"https:\/\/www.diasol.org\/prod\/wp-content\/uploads\/2023\/01\/PatMiki.png\" alt=\"\" class=\"wp-image-1185 size-full\"\/><\/figure><\/div>\n\n\n\n<h2 class=\"has-text-align-center\">Conseil d\u2019administration<\/h2>\n\n\n\n<div class=\"is-layout-constrained wp-block-group\"><div class=\"wp-block-group__inner-container\">\n<p class=\"has-text-align-center\"><strong>\u00c9ric Giroux<\/strong><br><em>Pr\u00e9sident du C.A.<\/em><\/p>\n\n\n\n<p class=\"has-text-align-center\"><strong>St\u00e9phane Leclair<\/strong><br><em>Tr\u00e9sorier<\/em><\/p>\n\n\n\n<p class=\"has-text-align-center\"><strong>\u00c9ric Dufresne-Arbique<\/strong><br><em>Secr\u00e9taire<\/em><\/p>\n\n\n\n<p class=\"has-text-align-center\"><strong>Andr\u00e9 H\u00e9nault<\/strong><\/p>\n\n\n\n<p class=\"has-text-align-center\"><em>Administrateur<\/em><\/p>\n\n\n\n<p class=\"has-text-align-center\"><strong>Charlie B\u00e9liveau<\/strong><br><em>Administratrice<\/em><\/p>\n<\/div><\/div>\n","protected":false},"excerpt":{"rendered":"<p>Diasol est un organisme culturel \u00e0 but non lucratif fond\u00e9 en 2002 par Patrick Dionne et Miki Gingras. Il poss\u00e8de \u00e9galement la vocation d\u2019organisme de charit\u00e9. Diasol s\u2019est donn\u00e9 comme mandat d\u2019assurer le d\u00e9veloppement et la diffusion de projets de cr\u00e9ation favorisant l\u2019engagement de l\u2019artiste envers la soci\u00e9t\u00e9. Notre mission Membres fondateurs Patrick Dionne et &hellip;<\/p>\n","protected":false},"author":1,"featured_media":0,"parent":0,"menu_order":0,"comment_status":"closed","ping_status":"closed","template":"template-fullwidth.php","meta":{"_mi_skip_tracking":false,"_exactmetrics_sitenote_active":false,"_exactmetrics_sitenote_note":"","_exactmetrics_sitenote_category":0},"yoast_head":"<!-- This site is optimized with the Yoast SEO plugin v20.8 - https:\/\/yoast.com\/wordpress\/plugins\/seo\/ -->\n<title>ORGANISME - Diasol<\/title>\n<meta name=\"robots\" content=\"index, follow, max-snippet:-1, max-image-preview:large, max-video-preview:-1\" \/>\n<link rel=\"canonical\" href=\"https:\/\/www.diasol.org\/prod\/organisme-2\/\" \/>\n<meta property=\"og:locale\" content=\"fr_CA\" \/>\n<meta property=\"og:type\" content=\"article\" \/>\n<meta property=\"og:title\" content=\"ORGANISME - Diasol\" \/>\n<meta property=\"og:description\" content=\"Diasol est un organisme culturel \u00e0 but non lucratif fond\u00e9 en 2002 par Patrick Dionne et Miki Gingras. Il poss\u00e8de \u00e9galement la vocation d\u2019organisme de charit\u00e9. Diasol s\u2019est donn\u00e9 comme mandat d\u2019assurer le d\u00e9veloppement et la diffusion de projets de cr\u00e9ation favorisant l\u2019engagement de l\u2019artiste envers la soci\u00e9t\u00e9. Notre mission Membres fondateurs Patrick Dionne et &hellip;\" \/>\n<meta property=\"og:url\" content=\"https:\/\/www.diasol.org\/prod\/organisme-2\/\" \/>\n<meta property=\"og:site_name\" content=\"Diasol\" \/>\n<meta property=\"article:modified_time\" content=\"2023-12-05T18:55:45+00:00\" \/>\n<meta property=\"og:image\" content=\"https:\/\/www.diasol.org\/prod\/wp-content\/uploads\/2013\/10\/Identite009.jpg\" \/>\n<meta name=\"twitter:card\" content=\"summary_large_image\" \/>\n<meta name=\"twitter:label1\" content=\"Estimation du temps de lecture\" \/>\n\t<meta name=\"twitter:data1\" content=\"2 minutes\" \/>\n<script type=\"application\/ld+json\" class=\"yoast-schema-graph\">{\"@context\":\"https:\/\/schema.org\",\"@graph\":[{\"@type\":\"WebPage\",\"@id\":\"https:\/\/www.diasol.org\/prod\/organisme-2\/\",\"url\":\"https:\/\/www.diasol.org\/prod\/organisme-2\/\",\"name\":\"ORGANISME - Diasol\",\"isPartOf\":{\"@id\":\"https:\/\/www.diasol.org\/prod\/#website\"},\"datePublished\":\"2013-10-19T20:15:45+00:00\",\"dateModified\":\"2023-12-05T18:55:45+00:00\",\"breadcrumb\":{\"@id\":\"https:\/\/www.diasol.org\/prod\/organisme-2\/#breadcrumb\"},\"inLanguage\":\"fr-CA\",\"potentialAction\":[{\"@type\":\"ReadAction\",\"target\":[\"https:\/\/www.diasol.org\/prod\/organisme-2\/\"]}]},{\"@type\":\"BreadcrumbList\",\"@id\":\"https:\/\/www.diasol.org\/prod\/organisme-2\/#breadcrumb\",\"itemListElement\":[{\"@type\":\"ListItem\",\"position\":1,\"name\":\"Home\",\"item\":\"https:\/\/www.diasol.org\/prod\/\"},{\"@type\":\"ListItem\",\"position\":2,\"name\":\"ORGANISME\"}]},{\"@type\":\"WebSite\",\"@id\":\"https:\/\/www.diasol.org\/prod\/#website\",\"url\":\"https:\/\/www.diasol.org\/prod\/\",\"name\":\"Diasol\",\"description\":\"Organisme culturel bas\u00e9 \u00e0 Montr\u00e9al\",\"potentialAction\":[{\"@type\":\"SearchAction\",\"target\":{\"@type\":\"EntryPoint\",\"urlTemplate\":\"https:\/\/www.diasol.org\/prod\/?s={search_term_string}\"},\"query-input\":\"required name=search_term_string\"}],\"inLanguage\":\"fr-CA\"}]}<\/script>\n<!-- \/ Yoast SEO plugin. -->","yoast_head_json":{"title":"ORGANISME - Diasol","robots":{"index":"index","follow":"follow","max-snippet":"max-snippet:-1","max-image-preview":"max-image-preview:large","max-video-preview":"max-video-preview:-1"},"canonical":"https:\/\/www.diasol.org\/prod\/organisme-2\/","og_locale":"fr_CA","og_type":"article","og_title":"ORGANISME - Diasol","og_description":"Diasol est un organisme culturel \u00e0 but non lucratif fond\u00e9 en 2002 par Patrick Dionne et Miki Gingras. Il poss\u00e8de \u00e9galement la vocation d\u2019organisme de charit\u00e9. Diasol s\u2019est donn\u00e9 comme mandat d\u2019assurer le d\u00e9veloppement et la diffusion de projets de cr\u00e9ation favorisant l\u2019engagement de l\u2019artiste envers la soci\u00e9t\u00e9. Notre mission Membres fondateurs Patrick Dionne et &hellip;","og_url":"https:\/\/www.diasol.org\/prod\/organisme-2\/","og_site_name":"Diasol","article_modified_time":"2023-12-05T18:55:45+00:00","og_image":[{"url":"https:\/\/www.diasol.org\/prod\/wp-content\/uploads\/2013\/10\/Identite009.jpg"}],"twitter_card":"summary_large_image","twitter_misc":{"Estimation du temps de lecture":"2 minutes"},"schema":{"@context":"https:\/\/schema.org","@graph":[{"@type":"WebPage","@id":"https:\/\/www.diasol.org\/prod\/organisme-2\/","url":"https:\/\/www.diasol.org\/prod\/organisme-2\/","name":"ORGANISME - Diasol","isPartOf":{"@id":"https:\/\/www.diasol.org\/prod\/#website"},"datePublished":"2013-10-19T20:15:45+00:00","dateModified":"2023-12-05T18:55:45+00:00","breadcrumb":{"@id":"https:\/\/www.diasol.org\/prod\/organisme-2\/#breadcrumb"},"inLanguage":"fr-CA","potentialAction":[{"@type":"ReadAction","target":["https:\/\/www.diasol.org\/prod\/organisme-2\/"]}]},{"@type":"BreadcrumbList","@id":"https:\/\/www.diasol.org\/prod\/organisme-2\/#breadcrumb","itemListElement":[{"@type":"ListItem","position":1,"name":"Home","item":"https:\/\/www.diasol.org\/prod\/"},{"@type":"ListItem","position":2,"name":"ORGANISME"}]},{"@type":"WebSite","@id":"https:\/\/www.diasol.org\/prod\/#website","url":"https:\/\/www.diasol.org\/prod\/","name":"Diasol","description":"Organisme culturel bas\u00e9 \u00e0 Montr\u00e9al","potentialAction":[{"@type":"SearchAction","target":{"@type":"EntryPoint","urlTemplate":"https:\/\/www.diasol.org\/prod\/?s={search_term_string}"},"query-input":"required name=search_term_string"}],"inLanguage":"fr-CA"}]}},"_links":{"self":[{"href":"https:\/\/www.diasol.org\/prod\/wp-json\/wp\/v2\/pages\/13"}],"collection":[{"href":"https:\/\/www.diasol.org\/prod\/wp-json\/wp\/v2\/pages"}],"about":[{"href":"https:\/\/www.diasol.org\/prod\/wp-json\/wp\/v2\/types\/page"}],"author":[{"embeddable":true,"href":"https:\/\/www.diasol.org\/prod\/wp-json\/wp\/v2\/users\/1"}],"replies":[{"embeddable":true,"href":"https:\/\/www.diasol.org\/prod\/wp-json\/wp\/v2\/comments?post=13"}],"version-history":[{"count":88,"href":"https:\/\/www.diasol.org\/prod\/wp-json\/wp\/v2\/pages\/13\/revisions"}],"predecessor-version":[{"id":1331,"href":"https:\/\/www.diasol.org\/prod\/wp-json\/wp\/v2\/pages\/13\/revisions\/1331"}],"wp:attachment":[{"href":"https:\/\/www.diasol.org\/prod\/wp-json\/wp\/v2\/media?parent=13"}],"curies":[{"name":"wp","href":"https:\/\/api.w.org\/{rel}","templated":true}]}}