{"id":15,"date":"2013-10-19T20:16:04","date_gmt":"2013-10-19T20:16:04","guid":{"rendered":"http:\/\/www.diasol.org\/prod\/?page_id=15"},"modified":"2014-10-18T00:04:38","modified_gmt":"2014-10-18T00:04:38","slug":"projets","status":"publish","type":"page","link":"https:\/\/www.diasol.org\/prod\/projets\/","title":{"rendered":"PROJETS"},"content":{"rendered":"","protected":false},"excerpt":{"rendered":"","protected":false},"author":1,"featured_media":0,"parent":0,"menu_order":0,"comment_status":"closed","ping_status":"closed","template":"template-portfolio.php","meta":{"_mi_skip_tracking":false,"_exactmetrics_sitenote_active":false,"_exactmetrics_sitenote_note":"","_exactmetrics_sitenote_category":0},"yoast_head":"<!-- This site is optimized with the Yoast SEO plugin v20.8 - https:\/\/yoast.com\/wordpress\/plugins\/seo\/ -->\n<title>PROJETS - Diasol<\/title>\n<meta name=\"robots\" content=\"index, follow, max-snippet:-1, max-image-preview:large, max-video-preview:-1\" \/>\n<link rel=\"canonical\" href=\"https:\/\/www.diasol.org\/prod\/projets\/\" \/>\n<meta property=\"og:locale\" content=\"fr_CA\" \/>\n<meta property=\"og:type\" content=\"article\" \/>\n<meta property=\"og:title\" content=\"PROJETS - Diasol\" \/>\n<meta property=\"og:url\" content=\"https:\/\/www.diasol.org\/prod\/projets\/\" \/>\n<meta property=\"og:site_name\" content=\"Diasol\" \/>\n<meta property=\"article:modified_time\" content=\"2014-10-18T00:04:38+00:00\" \/>\n<meta name=\"twitter:card\" content=\"summary_large_image\" \/>\n<script type=\"application\/ld+json\" class=\"yoast-schema-graph\">{\"@context\":\"https:\/\/schema.org\",\"@graph\":[{\"@type\":\"WebPage\",\"@id\":\"https:\/\/www.diasol.org\/prod\/projets\/\",\"url\":\"https:\/\/www.diasol.org\/prod\/projets\/\",\"name\":\"PROJETS - Diasol\",\"isPartOf\":{\"@id\":\"https:\/\/www.diasol.org\/prod\/#website\"},\"datePublished\":\"2013-10-19T20:16:04+00:00\",\"dateModified\":\"2014-10-18T00:04:38+00:00\",\"breadcrumb\":{\"@id\":\"https:\/\/www.diasol.org\/prod\/projets\/#breadcrumb\"},\"inLanguage\":\"fr-CA\",\"potentialAction\":[{\"@type\":\"ReadAction\",\"target\":[\"https:\/\/www.diasol.org\/prod\/projets\/\"]}]},{\"@type\":\"BreadcrumbList\",\"@id\":\"https:\/\/www.diasol.org\/prod\/projets\/#breadcrumb\",\"itemListElement\":[{\"@type\":\"ListItem\",\"position\":1,\"name\":\"Home\",\"item\":\"https:\/\/www.diasol.org\/prod\/\"},{\"@type\":\"ListItem\",\"position\":2,\"name\":\"PROJETS\"}]},{\"@type\":\"WebSite\",\"@id\":\"https:\/\/www.diasol.org\/prod\/#website\",\"url\":\"https:\/\/www.diasol.org\/prod\/\",\"name\":\"Diasol\",\"description\":\"Organisme culturel bas\u00e9 \u00e0 Montr\u00e9al\",\"potentialAction\":[{\"@type\":\"SearchAction\",\"target\":{\"@type\":\"EntryPoint\",\"urlTemplate\":\"https:\/\/www.diasol.org\/prod\/?s={search_term_string}\"},\"query-input\":\"required name=search_term_string\"}],\"inLanguage\":\"fr-CA\"}]}<\/script>\n<!-- \/ Yoast SEO plugin. -->","yoast_head_json":{"title":"PROJETS - Diasol","robots":{"index":"index","follow":"follow","max-snippet":"max-snippet:-1","max-image-preview":"max-image-preview:large","max-video-preview":"max-video-preview:-1"},"canonical":"https:\/\/www.diasol.org\/prod\/projets\/","og_locale":"fr_CA","og_type":"article","og_title":"PROJETS - Diasol","og_url":"https:\/\/www.diasol.org\/prod\/projets\/","og_site_name":"Diasol","article_modified_time":"2014-10-18T00:04:38+00:00","twitter_card":"summary_large_image","schema":{"@context":"https:\/\/schema.org","@graph":[{"@type":"WebPage","@id":"https:\/\/www.diasol.org\/prod\/projets\/","url":"https:\/\/www.diasol.org\/prod\/projets\/","name":"PROJETS - Diasol","isPartOf":{"@id":"https:\/\/www.diasol.org\/prod\/#website"},"datePublished":"2013-10-19T20:16:04+00:00","dateModified":"2014-10-18T00:04:38+00:00","breadcrumb":{"@id":"https:\/\/www.diasol.org\/prod\/projets\/#breadcrumb"},"inLanguage":"fr-CA","potentialAction":[{"@type":"ReadAction","target":["https:\/\/www.diasol.org\/prod\/projets\/"]}]},{"@type":"BreadcrumbList","@id":"https:\/\/www.diasol.org\/prod\/projets\/#breadcrumb","itemListElement":[{"@type":"ListItem","position":1,"name":"Home","item":"https:\/\/www.diasol.org\/prod\/"},{"@type":"ListItem","position":2,"name":"PROJETS"}]},{"@type":"WebSite","@id":"https:\/\/www.diasol.org\/prod\/#website","url":"https:\/\/www.diasol.org\/prod\/","name":"Diasol","description":"Organisme culturel bas\u00e9 \u00e0 Montr\u00e9al","potentialAction":[{"@type":"SearchAction","target":{"@type":"EntryPoint","urlTemplate":"https:\/\/www.diasol.org\/prod\/?s={search_term_string}"},"query-input":"required name=search_term_string"}],"inLanguage":"fr-CA"}]}},"_links":{"self":[{"href":"https:\/\/www.diasol.org\/prod\/wp-json\/wp\/v2\/pages\/15"}],"collection":[{"href":"https:\/\/www.diasol.org\/prod\/wp-json\/wp\/v2\/pages"}],"about":[{"href":"https:\/\/www.diasol.org\/prod\/wp-json\/wp\/v2\/types\/page"}],"author":[{"embeddable":true,"href":"https:\/\/www.diasol.org\/prod\/wp-json\/wp\/v2\/users\/1"}],"replies":[{"embeddable":true,"href":"https:\/\/www.diasol.org\/prod\/wp-json\/wp\/v2\/comments?post=15"}],"version-history":[{"count":3,"href":"https:\/\/www.diasol.org\/prod\/wp-json\/wp\/v2\/pages\/15\/revisions"}],"predecessor-version":[{"id":415,"href":"https:\/\/www.diasol.org\/prod\/wp-json\/wp\/v2\/pages\/15\/revisions\/415"}],"wp:attachment":[{"href":"https:\/\/www.diasol.org\/prod\/wp-json\/wp\/v2\/media?parent=15"}],"curies":[{"name":"wp","href":"https:\/\/api.w.org\/{rel}","templated":true}]}}