{"id":32,"date":"2013-10-19T21:17:07","date_gmt":"2013-10-19T21:17:07","guid":{"rendered":"http:\/\/www.diasol.org\/prod\/?page_id=32"},"modified":"2023-12-04T19:09:13","modified_gmt":"2023-12-04T19:09:13","slug":"contact","status":"publish","type":"page","link":"https:\/\/www.diasol.org\/prod\/contact\/","title":{"rendered":"CONTACT"},"content":{"rendered":"<p style=\"text-align: left;\"><span style=\"color: #999999;\">Patrick Dionne et Miki Gingras\u00a0<\/span><\/p>\n<p style=\"text-align: left;\">info.diasol@gmail.com<\/p>\n<p style=\"text-align: left;\">\n<h6 style=\"text-align: right;\"><div class=\"twocol-one\"><\/div><\/h6>\n","protected":false},"excerpt":{"rendered":"<p>Patrick Dionne et Miki Gingras\u00a0 info.diasol@gmail.com<\/p>\n","protected":false},"author":1,"featured_media":0,"parent":0,"menu_order":0,"comment_status":"closed","ping_status":"closed","template":"template-fullwidth.php","meta":{"_mi_skip_tracking":false,"_exactmetrics_sitenote_active":false,"_exactmetrics_sitenote_note":"","_exactmetrics_sitenote_category":0},"yoast_head":"<!-- This site is optimized with the Yoast SEO plugin v20.8 - https:\/\/yoast.com\/wordpress\/plugins\/seo\/ -->\n<title>CONTACT - Diasol %<\/title>\n<meta name=\"robots\" content=\"index, follow, max-snippet:-1, max-image-preview:large, max-video-preview:-1\" \/>\n<link rel=\"canonical\" href=\"https:\/\/www.diasol.org\/prod\/contact\/\" \/>\n<meta property=\"og:locale\" content=\"fr_CA\" \/>\n<meta property=\"og:type\" content=\"article\" \/>\n<meta property=\"og:title\" content=\"CONTACT - Diasol %\" \/>\n<meta property=\"og:description\" content=\"Patrick Dionne et Miki Gingras\u00a0 info.diasol@gmail.com\" \/>\n<meta property=\"og:url\" content=\"https:\/\/www.diasol.org\/prod\/contact\/\" \/>\n<meta property=\"og:site_name\" content=\"Diasol\" \/>\n<meta property=\"article:modified_time\" content=\"2023-12-04T19:09:13+00:00\" \/>\n<meta name=\"twitter:card\" content=\"summary_large_image\" \/>\n<meta name=\"twitter:label1\" content=\"Estimation du temps de lecture\" \/>\n\t<meta name=\"twitter:data1\" content=\"1 minute\" \/>\n<script type=\"application\/ld+json\" class=\"yoast-schema-graph\">{\"@context\":\"https:\/\/schema.org\",\"@graph\":[{\"@type\":\"WebPage\",\"@id\":\"https:\/\/www.diasol.org\/prod\/contact\/\",\"url\":\"https:\/\/www.diasol.org\/prod\/contact\/\",\"name\":\"CONTACT - Diasol %\",\"isPartOf\":{\"@id\":\"https:\/\/www.diasol.org\/prod\/#website\"},\"datePublished\":\"2013-10-19T21:17:07+00:00\",\"dateModified\":\"2023-12-04T19:09:13+00:00\",\"breadcrumb\":{\"@id\":\"https:\/\/www.diasol.org\/prod\/contact\/#breadcrumb\"},\"inLanguage\":\"fr-CA\",\"potentialAction\":[{\"@type\":\"ReadAction\",\"target\":[\"https:\/\/www.diasol.org\/prod\/contact\/\"]}]},{\"@type\":\"BreadcrumbList\",\"@id\":\"https:\/\/www.diasol.org\/prod\/contact\/#breadcrumb\",\"itemListElement\":[{\"@type\":\"ListItem\",\"position\":1,\"name\":\"Home\",\"item\":\"https:\/\/www.diasol.org\/prod\/\"},{\"@type\":\"ListItem\",\"position\":2,\"name\":\"CONTACT\"}]},{\"@type\":\"WebSite\",\"@id\":\"https:\/\/www.diasol.org\/prod\/#website\",\"url\":\"https:\/\/www.diasol.org\/prod\/\",\"name\":\"Diasol\",\"description\":\"Organisme culturel bas\u00e9 \u00e0 Montr\u00e9al\",\"potentialAction\":[{\"@type\":\"SearchAction\",\"target\":{\"@type\":\"EntryPoint\",\"urlTemplate\":\"https:\/\/www.diasol.org\/prod\/?s={search_term_string}\"},\"query-input\":\"required name=search_term_string\"}],\"inLanguage\":\"fr-CA\"}]}<\/script>\n<!-- \/ Yoast SEO plugin. -->","yoast_head_json":{"title":"CONTACT - Diasol %","robots":{"index":"index","follow":"follow","max-snippet":"max-snippet:-1","max-image-preview":"max-image-preview:large","max-video-preview":"max-video-preview:-1"},"canonical":"https:\/\/www.diasol.org\/prod\/contact\/","og_locale":"fr_CA","og_type":"article","og_title":"CONTACT - Diasol %","og_description":"Patrick Dionne et Miki Gingras\u00a0 info.diasol@gmail.com","og_url":"https:\/\/www.diasol.org\/prod\/contact\/","og_site_name":"Diasol","article_modified_time":"2023-12-04T19:09:13+00:00","twitter_card":"summary_large_image","twitter_misc":{"Estimation du temps de lecture":"1 minute"},"schema":{"@context":"https:\/\/schema.org","@graph":[{"@type":"WebPage","@id":"https:\/\/www.diasol.org\/prod\/contact\/","url":"https:\/\/www.diasol.org\/prod\/contact\/","name":"CONTACT - Diasol %","isPartOf":{"@id":"https:\/\/www.diasol.org\/prod\/#website"},"datePublished":"2013-10-19T21:17:07+00:00","dateModified":"2023-12-04T19:09:13+00:00","breadcrumb":{"@id":"https:\/\/www.diasol.org\/prod\/contact\/#breadcrumb"},"inLanguage":"fr-CA","potentialAction":[{"@type":"ReadAction","target":["https:\/\/www.diasol.org\/prod\/contact\/"]}]},{"@type":"BreadcrumbList","@id":"https:\/\/www.diasol.org\/prod\/contact\/#breadcrumb","itemListElement":[{"@type":"ListItem","position":1,"name":"Home","item":"https:\/\/www.diasol.org\/prod\/"},{"@type":"ListItem","position":2,"name":"CONTACT"}]},{"@type":"WebSite","@id":"https:\/\/www.diasol.org\/prod\/#website","url":"https:\/\/www.diasol.org\/prod\/","name":"Diasol","description":"Organisme culturel bas\u00e9 \u00e0 Montr\u00e9al","potentialAction":[{"@type":"SearchAction","target":{"@type":"EntryPoint","urlTemplate":"https:\/\/www.diasol.org\/prod\/?s={search_term_string}"},"query-input":"required name=search_term_string"}],"inLanguage":"fr-CA"}]}},"_links":{"self":[{"href":"https:\/\/www.diasol.org\/prod\/wp-json\/wp\/v2\/pages\/32"}],"collection":[{"href":"https:\/\/www.diasol.org\/prod\/wp-json\/wp\/v2\/pages"}],"about":[{"href":"https:\/\/www.diasol.org\/prod\/wp-json\/wp\/v2\/types\/page"}],"author":[{"embeddable":true,"href":"https:\/\/www.diasol.org\/prod\/wp-json\/wp\/v2\/users\/1"}],"replies":[{"embeddable":true,"href":"https:\/\/www.diasol.org\/prod\/wp-json\/wp\/v2\/comments?post=32"}],"version-history":[{"count":50,"href":"https:\/\/www.diasol.org\/prod\/wp-json\/wp\/v2\/pages\/32\/revisions"}],"predecessor-version":[{"id":1328,"href":"https:\/\/www.diasol.org\/prod\/wp-json\/wp\/v2\/pages\/32\/revisions\/1328"}],"wp:attachment":[{"href":"https:\/\/www.diasol.org\/prod\/wp-json\/wp\/v2\/media?parent=32"}],"curies":[{"name":"wp","href":"https:\/\/api.w.org\/{rel}","templated":true}]}}